{"id":9524,"date":"2022-10-17T11:30:20","date_gmt":"2022-10-17T09:30:20","guid":{"rendered":"https:\/\/alt.kraftanlagen.com\/\/grupul-kraftanlagen\/ipip\/"},"modified":"2025-09-30T14:12:11","modified_gmt":"2025-09-30T12:12:11","slug":"ipip","status":"publish","type":"page","link":"https:\/\/www.kraftanlagen.com\/ro\/despre-noi\/grupul-kraftanlagen\/ipip\/","title":{"rendered":"IPIP"},"content":{"rendered":"[vc_row type=&#8221;full_width_background&#8221; full_screen_row_position=&#8221;middle&#8221; column_margin=&#8221;default&#8221; column_direction=&#8221;default&#8221; column_direction_tablet=&#8221;default&#8221; column_direction_phone=&#8221;default&#8221; bg_image=&#8221;8453&#8243; bg_position=&#8221;center top&#8221; background_image_loading=&#8221;default&#8221; bg_repeat=&#8221;no-repeat&#8221; scene_position=&#8221;center&#8221; top_padding=&#8221;280&#8243; top_padding_tablet=&#8221;180&#8243; top_padding_phone=&#8221;80&#8243; text_color=&#8221;light&#8221; text_align=&#8221;left&#8221; row_border_radius=&#8221;none&#8221; row_border_radius_applies=&#8221;bg&#8221; overflow=&#8221;visible&#8221; enable_gradient=&#8221;true&#8221; color_overlay=&#8221;#000000&#8243; advanced_gradient_angle=&#8221;0&#8243; overlay_strength=&#8221;0.3&#8243; gradient_direction=&#8221;left_to_right&#8221; enable_shape_divider=&#8221;true&#8221; shape_divider_position=&#8221;bottom&#8221; shape_divider_height=&#8221;200&#8243; bg_image_animation=&#8221;fade-in&#8221; mobile_disable_bg_image_animation=&#8221;true&#8221; parallax_bg=&#8221;true&#8221; parallax_bg_speed=&#8221;medium&#8221; shape_type=&#8221;curve_opacity&#8221; gradient_type=&#8221;default&#8221;][vc_column column_padding=&#8221;no-extra-padding&#8221; column_padding_tablet=&#8221;inherit&#8221; column_padding_phone=&#8221;inherit&#8221; column_padding_position=&#8221;all&#8221; column_element_spacing=&#8221;default&#8221; background_color_opacity=&#8221;1&#8243; background_hover_color_opacity=&#8221;1&#8243; column_shadow=&#8221;none&#8221; column_border_radius=&#8221;none&#8221; column_link_target=&#8221;_self&#8221; column_position=&#8221;default&#8221; advanced_gradient_angle=&#8221;0&#8243; gradient_direction=&#8221;left_to_right&#8221; overlay_strength=&#8221;0.3&#8243; width=&#8221;2\/3&#8243; tablet_width_inherit=&#8221;small_desktop&#8221; tablet_text_alignment=&#8221;default&#8221; phone_text_alignment=&#8221;default&#8221; animation_type=&#8221;default&#8221; bg_image_animation=&#8221;none&#8221; border_type=&#8221;simple&#8221; column_border_width=&#8221;none&#8221; column_border_style=&#8221;solid&#8221; gradient_type=&#8221;default&#8221; offset=&#8221;vc_col-lg-8 vc_col-md-8 vc_col-xs-6&#8243;][vc_column_text]\n<h2>IPIP S.A.<\/h2>\n[\/vc_column_text][\/vc_column][vc_column column_padding=&#8221;no-extra-padding&#8221; column_padding_tablet=&#8221;inherit&#8221; column_padding_phone=&#8221;inherit&#8221; column_padding_position=&#8221;all&#8221; column_element_spacing=&#8221;default&#8221; background_color_opacity=&#8221;1&#8243; background_hover_color_opacity=&#8221;1&#8243; column_shadow=&#8221;none&#8221; column_border_radius=&#8221;none&#8221; column_link_target=&#8221;_self&#8221; column_position=&#8221;default&#8221; advanced_gradient_angle=&#8221;0&#8243; gradient_direction=&#8221;left_to_right&#8221; overlay_strength=&#8221;0.3&#8243; width=&#8221;1\/3&#8243; tablet_width_inherit=&#8221;small_desktop&#8221; tablet_text_alignment=&#8221;default&#8221; phone_text_alignment=&#8221;default&#8221; animation_type=&#8221;default&#8221; bg_image_animation=&#8221;none&#8221; border_type=&#8221;simple&#8221; column_border_width=&#8221;none&#8221; column_border_style=&#8221;solid&#8221; gradient_type=&#8221;default&#8221; offset=&#8221;vc_col-lg-4 vc_col-md-4 vc_col-xs-6&#8243;][vc_row_inner column_margin=&#8221;default&#8221; column_direction=&#8221;default&#8221; column_direction_tablet=&#8221;default&#8221; column_direction_phone=&#8221;default&#8221; text_align=&#8221;left&#8221; row_position=&#8221;default&#8221; row_position_tablet=&#8221;inherit&#8221; row_position_phone=&#8221;inherit&#8221; overflow=&#8221;visible&#8221; pointer_events=&#8221;all&#8221;][vc_column_inner column_padding=&#8221;padding-3-percent&#8221; column_padding_tablet=&#8221;inherit&#8221; column_padding_phone=&#8221;inherit&#8221; column_padding_position=&#8221;all&#8221; column_element_spacing=&#8221;default&#8221; background_color=&#8221;#ffffff&#8221; background_color_opacity=&#8221;1&#8243; background_hover_color_opacity=&#8221;1&#8243; column_shadow=&#8221;small_depth&#8221; column_border_radius=&#8221;none&#8221; column_link_target=&#8221;_self&#8221; advanced_gradient_angle=&#8221;0&#8243; gradient_direction=&#8221;left_to_right&#8221; overlay_strength=&#8221;0.3&#8243; width=&#8221;1\/1&#8243; tablet_width_inherit=&#8221;default&#8221; animation_type=&#8221;default&#8221; bg_image_animation=&#8221;none&#8221; border_type=&#8221;simple&#8221; column_border_width=&#8221;none&#8221; column_border_style=&#8221;solid&#8221; gradient_type=&#8221;default&#8221;][image_with_animation image_url=&#8221;45752&#8243; image_size=&#8221;full&#8221; animation_type=&#8221;entrance&#8221; animation=&#8221;None&#8221; hover_animation=&#8221;none&#8221; constrain_group_1=&#8221;yes&#8221; constrain_group_2=&#8221;yes&#8221; constrain_group_4=&#8221;yes&#8221; alignment=&#8221;center&#8221; border_radius=&#8221;none&#8221; box_shadow=&#8221;none&#8221; image_loading=&#8221;default&#8221; max_width=&#8221;100%&#8221; max_width_mobile=&#8221;default&#8221; margin_top=&#8221;20&#8243; margin_bottom=&#8221;20&#8243; margin_left=&#8221;16%&#8221; margin_right=&#8221;16%&#8221; margin_left_tablet=&#8221;13%&#8221; margin_right_tablet=&#8221;13%&#8221; margin_left_phone=&#8221;12%&#8221; margin_right_phone=&#8221;12%&#8221;][\/vc_column_inner][\/vc_row_inner][\/vc_column][\/vc_row][vc_row type=&#8221;full_width_background&#8221; full_screen_row_position=&#8221;middle&#8221; column_margin=&#8221;default&#8221; equal_height=&#8221;yes&#8221; column_direction=&#8221;default&#8221; column_direction_tablet=&#8221;default&#8221; column_direction_phone=&#8221;default&#8221; scene_position=&#8221;center&#8221; top_padding=&#8221;65&#8243; bottom_padding=&#8221;135&#8243; top_padding_tablet=&#8221;55&#8243; bottom_padding_tablet=&#8221;60&#8243; bottom_padding_phone=&#8221;20&#8243; text_color=&#8221;dark&#8221; text_align=&#8221;left&#8221; row_border_radius=&#8221;none&#8221; row_border_radius_applies=&#8221;bg&#8221; overflow=&#8221;visible&#8221; advanced_gradient_angle=&#8221;0&#8243; overlay_strength=&#8221;1&#8243; gradient_direction=&#8221;top_to_bottom&#8221; enable_shape_divider=&#8221;true&#8221; shape_divider_color=&#8221;#f7f7f7&#8243; shape_divider_position=&#8221;bottom&#8221; shape_divider_height=&#8221;100&#8243; bg_image_animation=&#8221;none&#8221; parallax_bg=&#8221;true&#8221; parallax_bg_speed=&#8221;fixed&#8221; gradient_type=&#8221;default&#8221; shape_type=&#8221;curve_opacity&#8221;][vc_column column_padding=&#8221;padding-3-percent&#8221; column_padding_tablet=&#8221;no-extra-padding&#8221; column_padding_phone=&#8221;no-extra-padding&#8221; column_padding_position=&#8221;right&#8221; column_element_spacing=&#8221;default&#8221; background_color_opacity=&#8221;1&#8243; background_hover_color_opacity=&#8221;1&#8243; column_shadow=&#8221;none&#8221; column_border_radius=&#8221;none&#8221; column_link_target=&#8221;_self&#8221; column_position=&#8221;default&#8221; advanced_gradient_angle=&#8221;0&#8243; gradient_direction=&#8221;left_to_right&#8221; overlay_strength=&#8221;0.3&#8243; width=&#8221;2\/3&#8243; tablet_width_inherit=&#8221;default&#8221; tablet_text_alignment=&#8221;default&#8221; phone_text_alignment=&#8221;default&#8221; animation_type=&#8221;default&#8221; bg_image_animation=&#8221;none&#8221; border_type=&#8221;simple&#8221; column_border_width=&#8221;none&#8221; column_border_style=&#8221;solid&#8221; gradient_type=&#8221;default&#8221;][vc_column_text]Societate de inginerie rom\u00e2neasc\u0103, suntem aprecia\u021bi \u00een \u00eentreaga lume ca renumit furnizor de servicii \u00een domeniul proiect\u0103rii, estim\u0103rii costurilor, achizi\u021biei, managementului de proiect \u0219i managementului construc\u021biilor pentru instala\u021bii de petrol \u0219i gaze, instala\u021bii chimice \u0219i de rafinare, conducte de transport petrol \u0219i gaze, sisteme de automatizare \u0219i control \u0219i alte sectoare conexe.<\/p>\n<p>De peste 70 ani, fiind singura societate de inginerie \u00een domeniul rafin\u0103riilor \u0219i al instala\u021biilor pentru industria petrochimic\u0103, prin competen\u021ba angaja\u021bilor no\u0219tri \u0219i prin \u00eenalta calitate a lucr\u0103rilor noastre, ne-am cl\u0103dit o reputa\u021bie excelent\u0103 \u00een Rom\u00e2nia \u0219i \u00een \u00eentreg sud-estul Europei.<\/p>\n<p>Gama larg\u0103 a activit\u0103\u021bilor noastre de engineering cuprinde evalu\u0103ri ale st\u0103rii tehnice, studii de fezabilitate \u0219i de proces, basic design (BD), front end engineering design (FEED), detail engineering multidisciplinar, servicii EPCM, servicii de consultan\u021b\u0103 management de proiect \u0219i consultan\u021b\u0103 tehnic\u0103.<\/p>\n<p>Dispun\u00e2nd de toate <span style=\"color: #008163;\"><strong><a style=\"color: #008163;\" href=\"https:\/\/www.kraftanlagen.com\/ro\/despre-noi\/calitate\/\"><span style=\"color: #008163;\">calific\u0103rile \u0219i aprob\u0103rile<\/span><\/a><\/strong><\/span> necesare oferim solu\u021bii adaptate nevoilor clien\u021bilor \u00een cadrul departamentului Engineering al Grupului Kraftanlagen.[\/vc_column_text][\/vc_column][vc_column column_padding=&#8221;no-extra-padding&#8221; column_padding_tablet=&#8221;inherit&#8221; column_padding_phone=&#8221;inherit&#8221; column_padding_position=&#8221;all&#8221; column_element_spacing=&#8221;default&#8221; background_color_opacity=&#8221;1&#8243; background_hover_color_opacity=&#8221;1&#8243; column_shadow=&#8221;none&#8221; column_border_radius=&#8221;none&#8221; column_link_target=&#8221;_self&#8221; column_position=&#8221;default&#8221; advanced_gradient_angle=&#8221;0&#8243; gradient_direction=&#8221;left_to_right&#8221; overlay_strength=&#8221;0.3&#8243; width=&#8221;1\/3&#8243; tablet_width_inherit=&#8221;default&#8221; tablet_text_alignment=&#8221;default&#8221; phone_text_alignment=&#8221;default&#8221; animation_type=&#8221;default&#8221; bg_image_animation=&#8221;none&#8221; border_type=&#8221;simple&#8221; column_border_width=&#8221;none&#8221; column_border_style=&#8221;solid&#8221; gradient_type=&#8221;default&#8221;][vc_row_inner equal_height=&#8221;yes&#8221; column_margin=&#8221;40px&#8221; column_direction=&#8221;default&#8221; column_direction_tablet=&#8221;default&#8221; column_direction_phone=&#8221;default&#8221; text_align=&#8221;left&#8221; row_position=&#8221;default&#8221; row_position_tablet=&#8221;inherit&#8221; row_position_phone=&#8221;inherit&#8221; overflow=&#8221;visible&#8221; pointer_events=&#8221;all&#8221;][vc_column_inner column_padding=&#8221;padding-5-percent&#8221; column_padding_tablet=&#8221;inherit&#8221; column_padding_phone=&#8221;inherit&#8221; column_padding_position=&#8221;all&#8221; column_element_spacing=&#8221;default&#8221; background_color=&#8221;#002439&#8243; background_color_opacity=&#8221;1&#8243; background_hover_color_opacity=&#8221;1&#8243; font_color=&#8221;#ffffff&#8221; column_shadow=&#8221;small_depth&#8221; column_border_radius=&#8221;none&#8221; column_link_target=&#8221;_self&#8221; advanced_gradient_angle=&#8221;34&#8243; gradient_direction=&#8221;left_to_right&#8221; overlay_strength=&#8221;0.3&#8243; width=&#8221;1\/1&#8243; tablet_width_inherit=&#8221;default&#8221; animation_type=&#8221;default&#8221; bg_image_animation=&#8221;none&#8221; border_type=&#8221;simple&#8221; column_border_width=&#8221;none&#8221; column_border_style=&#8221;solid&#8221; gradient_type=&#8221;default&#8221;][vc_column_text css=&#8221;.vc_custom_1665999780540{margin-bottom: 30px !important;}&#8221;]<strong>IPIP S.A.<\/strong><\/p>\n<p>Strada Libertatii nr. 6A<br \/>\n100283 Ploie\u0219ti<br \/>\nRom\u00e2nia[\/vc_column_text]<div class=\"iwithtext\"><div class=\"iwt-icon\"> <i class=\"icon-default-style fa fa-phone extra-color-1\"><\/i> <\/div><div class=\"iwt-text\"> <span style=\"color: #70bd95;\"><a style=\"color: #70bd95;\" href=\"tel:+40244511566\">+40 244 511 566<\/a><\/span> <\/div><div class=\"clear\"><\/div><\/div><div class=\"iwithtext\"><div class=\"iwt-icon\"> <i class=\"icon-default-style fa fa-envelope-o extra-color-1\"><\/i> <\/div><div class=\"iwt-text\"> <span style=\"color: #70bd95;\"><a style=\"color: #70bd95;\" href=\"mailto:f.mihalcea@ipip.ro\">f.mihalcea@ipip.ro<\/a><\/span> <\/div><div class=\"clear\"><\/div><\/div>[\/vc_column_inner][\/vc_row_inner][\/vc_column][\/vc_row]\n","protected":false},"excerpt":{"rendered":"<p>[vc_row type=&#8221;full_width_background&#8221; full_screen_row_position=&#8221;middle&#8221; column_margin=&#8221;default&#8221; column_direction=&#8221;default&#8221; column_direction_tablet=&#8221;default&#8221; column_direction_phone=&#8221;default&#8221; bg_image=&#8221;8453&#8243; bg_position=&#8221;center top&#8221; background_image_loading=&#8221;default&#8221; bg_repeat=&#8221;no-repeat&#8221; scene_position=&#8221;center&#8221; top_padding=&#8221;280&#8243; top_padding_tablet=&#8221;180&#8243; top_padding_phone=&#8221;80&#8243; text_color=&#8221;light&#8221; text_align=&#8221;left&#8221; row_border_radius=&#8221;none&#8221; row_border_radius_applies=&#8221;bg&#8221; overflow=&#8221;visible&#8221; enable_gradient=&#8221;true&#8221; color_overlay=&#8221;#000000&#8243; advanced_gradient_angle=&#8221;0&#8243; overlay_strength=&#8221;0.3&#8243; gradient_direction=&#8221;left_to_right&#8221; enable_shape_divider=&#8221;true&#8221; shape_divider_position=&#8221;bottom&#8221; shape_divider_height=&#8221;200&#8243; bg_image_animation=&#8221;fade-in&#8221;&#8230;<\/p>\n","protected":false},"author":17,"featured_media":14340,"parent":9015,"menu_order":0,"comment_status":"closed","ping_status":"closed","template":"","meta":{"_acf_changed":false,"inline_featured_image":false,"footnotes":""},"class_list":["post-9524","page","type-page","status-publish","has-post-thumbnail"],"yoast_head":"<!-- This site is optimized with the Yoast SEO plugin v27.4 - https:\/\/yoast.com\/product\/yoast-seo-wordpress\/ -->\n<title>IPIP - Kraftanlagen Energies &amp; Services SE<\/title>\n<meta name=\"robots\" content=\"index, follow, max-snippet:-1, max-image-preview:large, max-video-preview:-1\" \/>\n<link rel=\"canonical\" href=\"https:\/\/www.kraftanlagen.com\/ro\/despre-noi\/grupul-kraftanlagen\/ipip\/\" \/>\n<meta property=\"og:locale\" content=\"ro_RO\" \/>\n<meta property=\"og:type\" content=\"article\" \/>\n<meta property=\"og:title\" content=\"IPIP - Kraftanlagen Energies &amp; Services SE\" \/>\n<meta property=\"og:description\" content=\"[vc_row type=&#8221;full_width_background&#8221; full_screen_row_position=&#8221;middle&#8221; column_margin=&#8221;default&#8221; column_direction=&#8221;default&#8221; column_direction_tablet=&#8221;default&#8221; column_direction_phone=&#8221;default&#8221; bg_image=&#8221;8453&#8243; bg_position=&#8221;center top&#8221; background_image_loading=&#8221;default&#8221; bg_repeat=&#8221;no-repeat&#8221; scene_position=&#8221;center&#8221; top_padding=&#8221;280&#8243; top_padding_tablet=&#8221;180&#8243; top_padding_phone=&#8221;80&#8243; text_color=&#8221;light&#8221; text_align=&#8221;left&#8221; row_border_radius=&#8221;none&#8221; row_border_radius_applies=&#8221;bg&#8221; overflow=&#8221;visible&#8221; enable_gradient=&#8221;true&#8221; color_overlay=&#8221;#000000&#8243; advanced_gradient_angle=&#8221;0&#8243; overlay_strength=&#8221;0.3&#8243; gradient_direction=&#8221;left_to_right&#8221; enable_shape_divider=&#8221;true&#8221; shape_divider_position=&#8221;bottom&#8221; shape_divider_height=&#8221;200&#8243; bg_image_animation=&#8221;fade-in&#8221;...\" \/>\n<meta property=\"og:url\" content=\"https:\/\/www.kraftanlagen.com\/ro\/despre-noi\/grupul-kraftanlagen\/ipip\/\" \/>\n<meta property=\"og:site_name\" content=\"Kraftanlagen Energies &amp; Services SE\" \/>\n<meta property=\"article:modified_time\" content=\"2025-09-30T12:12:11+00:00\" \/>\n<meta property=\"og:image\" content=\"https:\/\/www.kraftanlagen.com\/wp-content\/uploads\/2024\/04\/IPIP-SA.jpg\" \/>\n\t<meta property=\"og:image:width\" content=\"1920\" \/>\n\t<meta property=\"og:image:height\" content=\"1281\" \/>\n\t<meta property=\"og:image:type\" content=\"image\/jpeg\" \/>\n<meta name=\"twitter:card\" content=\"summary_large_image\" \/>\n<meta name=\"twitter:label1\" content=\"Timp estimat pentru citire\" \/>\n\t<meta name=\"twitter:data1\" content=\"3 minute\" \/>\n<script type=\"application\/ld+json\" class=\"yoast-schema-graph\">{\"@context\":\"https:\\\/\\\/schema.org\",\"@graph\":[{\"@type\":\"WebPage\",\"@id\":\"https:\\\/\\\/www.kraftanlagen.com\\\/ro\\\/despre-noi\\\/grupul-kraftanlagen\\\/ipip\\\/\",\"url\":\"https:\\\/\\\/www.kraftanlagen.com\\\/ro\\\/despre-noi\\\/grupul-kraftanlagen\\\/ipip\\\/\",\"name\":\"IPIP - Kraftanlagen Energies &amp; Services SE\",\"isPartOf\":{\"@id\":\"https:\\\/\\\/www.kraftanlagen.com\\\/ro\\\/#website\"},\"primaryImageOfPage\":{\"@id\":\"https:\\\/\\\/www.kraftanlagen.com\\\/ro\\\/despre-noi\\\/grupul-kraftanlagen\\\/ipip\\\/#primaryimage\"},\"image\":{\"@id\":\"https:\\\/\\\/www.kraftanlagen.com\\\/ro\\\/despre-noi\\\/grupul-kraftanlagen\\\/ipip\\\/#primaryimage\"},\"thumbnailUrl\":\"https:\\\/\\\/www.kraftanlagen.com\\\/wp-content\\\/uploads\\\/2024\\\/04\\\/IPIP-SA.jpg\",\"datePublished\":\"2022-10-17T09:30:20+00:00\",\"dateModified\":\"2025-09-30T12:12:11+00:00\",\"breadcrumb\":{\"@id\":\"https:\\\/\\\/www.kraftanlagen.com\\\/ro\\\/despre-noi\\\/grupul-kraftanlagen\\\/ipip\\\/#breadcrumb\"},\"inLanguage\":\"ro-RO\",\"potentialAction\":[{\"@type\":\"ReadAction\",\"target\":[\"https:\\\/\\\/www.kraftanlagen.com\\\/ro\\\/despre-noi\\\/grupul-kraftanlagen\\\/ipip\\\/\"]}]},{\"@type\":\"ImageObject\",\"inLanguage\":\"ro-RO\",\"@id\":\"https:\\\/\\\/www.kraftanlagen.com\\\/ro\\\/despre-noi\\\/grupul-kraftanlagen\\\/ipip\\\/#primaryimage\",\"url\":\"https:\\\/\\\/www.kraftanlagen.com\\\/wp-content\\\/uploads\\\/2024\\\/04\\\/IPIP-SA.jpg\",\"contentUrl\":\"https:\\\/\\\/www.kraftanlagen.com\\\/wp-content\\\/uploads\\\/2024\\\/04\\\/IPIP-SA.jpg\",\"width\":1920,\"height\":1281,\"caption\":\"Zusammenarbeit bei IPIP SA\"},{\"@type\":\"BreadcrumbList\",\"@id\":\"https:\\\/\\\/www.kraftanlagen.com\\\/ro\\\/despre-noi\\\/grupul-kraftanlagen\\\/ipip\\\/#breadcrumb\",\"itemListElement\":[{\"@type\":\"ListItem\",\"position\":1,\"name\":\"Home\",\"item\":\"https:\\\/\\\/www.kraftanlagen.com\\\/ro\\\/\"},{\"@type\":\"ListItem\",\"position\":2,\"name\":\"Despre noi\",\"item\":\"https:\\\/\\\/www.kraftanlagen.com\\\/ro\\\/despre-noi\\\/\"},{\"@type\":\"ListItem\",\"position\":3,\"name\":\"Grupul Kraftanlagen\",\"item\":\"https:\\\/\\\/www.kraftanlagen.com\\\/ro\\\/despre-noi\\\/grupul-kraftanlagen\\\/\"},{\"@type\":\"ListItem\",\"position\":4,\"name\":\"IPIP\"}]},{\"@type\":\"WebSite\",\"@id\":\"https:\\\/\\\/www.kraftanlagen.com\\\/ro\\\/#website\",\"url\":\"https:\\\/\\\/www.kraftanlagen.com\\\/ro\\\/\",\"name\":\"Kraftanlagen Energies & Services GmbH\",\"description\":\"Speciali\u0219tii dumneavoastr\u0103 \u00een domeniul Decarbonizare\",\"publisher\":{\"@id\":\"https:\\\/\\\/www.kraftanlagen.com\\\/ro\\\/#organization\"},\"alternateName\":\"Kraftanlagen\",\"potentialAction\":[{\"@type\":\"SearchAction\",\"target\":{\"@type\":\"EntryPoint\",\"urlTemplate\":\"https:\\\/\\\/www.kraftanlagen.com\\\/ro\\\/?s={search_term_string}\"},\"query-input\":{\"@type\":\"PropertyValueSpecification\",\"valueRequired\":true,\"valueName\":\"search_term_string\"}}],\"inLanguage\":\"ro-RO\"},{\"@type\":\"Organization\",\"@id\":\"https:\\\/\\\/www.kraftanlagen.com\\\/ro\\\/#organization\",\"name\":\"Kraftanlagen Energies & Services SE\",\"alternateName\":\"Kraftanlagen\",\"url\":\"https:\\\/\\\/www.kraftanlagen.com\\\/ro\\\/\",\"logo\":{\"@type\":\"ImageObject\",\"inLanguage\":\"ro-RO\",\"@id\":\"https:\\\/\\\/www.kraftanlagen.com\\\/ro\\\/#\\\/schema\\\/logo\\\/image\\\/\",\"url\":\"https:\\\/\\\/www.kraftanlagen.com\\\/wp-content\\\/uploads\\\/2022\\\/06\\\/Kraftanlagen-logo-color.svg\",\"contentUrl\":\"https:\\\/\\\/www.kraftanlagen.com\\\/wp-content\\\/uploads\\\/2022\\\/06\\\/Kraftanlagen-logo-color.svg\",\"width\":\"1024\",\"height\":\"1024\",\"caption\":\"Kraftanlagen Energies & Services SE\"},\"image\":{\"@id\":\"https:\\\/\\\/www.kraftanlagen.com\\\/ro\\\/#\\\/schema\\\/logo\\\/image\\\/\"},\"sameAs\":[\"https:\\\/\\\/www.linkedin.com\\\/company\\\/kraftanlagengruppe\",\"https:\\\/\\\/www.xing.com\\\/pages\\\/kraftanlagen-energies-services\",\"https:\\\/\\\/www.youtube.com\\\/user\\\/KAMMXK\"]}]}<\/script>\n<!-- \/ Yoast SEO plugin. -->","yoast_head_json":{"title":"IPIP - Kraftanlagen Energies &amp; Services SE","robots":{"index":"index","follow":"follow","max-snippet":"max-snippet:-1","max-image-preview":"max-image-preview:large","max-video-preview":"max-video-preview:-1"},"canonical":"https:\/\/www.kraftanlagen.com\/ro\/despre-noi\/grupul-kraftanlagen\/ipip\/","og_locale":"ro_RO","og_type":"article","og_title":"IPIP - Kraftanlagen Energies &amp; Services SE","og_description":"[vc_row type=&#8221;full_width_background&#8221; full_screen_row_position=&#8221;middle&#8221; column_margin=&#8221;default&#8221; column_direction=&#8221;default&#8221; column_direction_tablet=&#8221;default&#8221; column_direction_phone=&#8221;default&#8221; bg_image=&#8221;8453&#8243; bg_position=&#8221;center top&#8221; background_image_loading=&#8221;default&#8221; bg_repeat=&#8221;no-repeat&#8221; scene_position=&#8221;center&#8221; top_padding=&#8221;280&#8243; top_padding_tablet=&#8221;180&#8243; top_padding_phone=&#8221;80&#8243; text_color=&#8221;light&#8221; text_align=&#8221;left&#8221; row_border_radius=&#8221;none&#8221; row_border_radius_applies=&#8221;bg&#8221; overflow=&#8221;visible&#8221; enable_gradient=&#8221;true&#8221; color_overlay=&#8221;#000000&#8243; advanced_gradient_angle=&#8221;0&#8243; overlay_strength=&#8221;0.3&#8243; gradient_direction=&#8221;left_to_right&#8221; enable_shape_divider=&#8221;true&#8221; shape_divider_position=&#8221;bottom&#8221; shape_divider_height=&#8221;200&#8243; bg_image_animation=&#8221;fade-in&#8221;...","og_url":"https:\/\/www.kraftanlagen.com\/ro\/despre-noi\/grupul-kraftanlagen\/ipip\/","og_site_name":"Kraftanlagen Energies &amp; Services SE","article_modified_time":"2025-09-30T12:12:11+00:00","og_image":[{"width":1920,"height":1281,"url":"https:\/\/www.kraftanlagen.com\/wp-content\/uploads\/2024\/04\/IPIP-SA.jpg","type":"image\/jpeg"}],"twitter_card":"summary_large_image","twitter_misc":{"Timp estimat pentru citire":"3 minute"},"schema":{"@context":"https:\/\/schema.org","@graph":[{"@type":"WebPage","@id":"https:\/\/www.kraftanlagen.com\/ro\/despre-noi\/grupul-kraftanlagen\/ipip\/","url":"https:\/\/www.kraftanlagen.com\/ro\/despre-noi\/grupul-kraftanlagen\/ipip\/","name":"IPIP - Kraftanlagen Energies &amp; Services SE","isPartOf":{"@id":"https:\/\/www.kraftanlagen.com\/ro\/#website"},"primaryImageOfPage":{"@id":"https:\/\/www.kraftanlagen.com\/ro\/despre-noi\/grupul-kraftanlagen\/ipip\/#primaryimage"},"image":{"@id":"https:\/\/www.kraftanlagen.com\/ro\/despre-noi\/grupul-kraftanlagen\/ipip\/#primaryimage"},"thumbnailUrl":"https:\/\/www.kraftanlagen.com\/wp-content\/uploads\/2024\/04\/IPIP-SA.jpg","datePublished":"2022-10-17T09:30:20+00:00","dateModified":"2025-09-30T12:12:11+00:00","breadcrumb":{"@id":"https:\/\/www.kraftanlagen.com\/ro\/despre-noi\/grupul-kraftanlagen\/ipip\/#breadcrumb"},"inLanguage":"ro-RO","potentialAction":[{"@type":"ReadAction","target":["https:\/\/www.kraftanlagen.com\/ro\/despre-noi\/grupul-kraftanlagen\/ipip\/"]}]},{"@type":"ImageObject","inLanguage":"ro-RO","@id":"https:\/\/www.kraftanlagen.com\/ro\/despre-noi\/grupul-kraftanlagen\/ipip\/#primaryimage","url":"https:\/\/www.kraftanlagen.com\/wp-content\/uploads\/2024\/04\/IPIP-SA.jpg","contentUrl":"https:\/\/www.kraftanlagen.com\/wp-content\/uploads\/2024\/04\/IPIP-SA.jpg","width":1920,"height":1281,"caption":"Zusammenarbeit bei IPIP SA"},{"@type":"BreadcrumbList","@id":"https:\/\/www.kraftanlagen.com\/ro\/despre-noi\/grupul-kraftanlagen\/ipip\/#breadcrumb","itemListElement":[{"@type":"ListItem","position":1,"name":"Home","item":"https:\/\/www.kraftanlagen.com\/ro\/"},{"@type":"ListItem","position":2,"name":"Despre noi","item":"https:\/\/www.kraftanlagen.com\/ro\/despre-noi\/"},{"@type":"ListItem","position":3,"name":"Grupul Kraftanlagen","item":"https:\/\/www.kraftanlagen.com\/ro\/despre-noi\/grupul-kraftanlagen\/"},{"@type":"ListItem","position":4,"name":"IPIP"}]},{"@type":"WebSite","@id":"https:\/\/www.kraftanlagen.com\/ro\/#website","url":"https:\/\/www.kraftanlagen.com\/ro\/","name":"Kraftanlagen Energies & Services GmbH","description":"Speciali\u0219tii dumneavoastr\u0103 \u00een domeniul Decarbonizare","publisher":{"@id":"https:\/\/www.kraftanlagen.com\/ro\/#organization"},"alternateName":"Kraftanlagen","potentialAction":[{"@type":"SearchAction","target":{"@type":"EntryPoint","urlTemplate":"https:\/\/www.kraftanlagen.com\/ro\/?s={search_term_string}"},"query-input":{"@type":"PropertyValueSpecification","valueRequired":true,"valueName":"search_term_string"}}],"inLanguage":"ro-RO"},{"@type":"Organization","@id":"https:\/\/www.kraftanlagen.com\/ro\/#organization","name":"Kraftanlagen Energies & Services SE","alternateName":"Kraftanlagen","url":"https:\/\/www.kraftanlagen.com\/ro\/","logo":{"@type":"ImageObject","inLanguage":"ro-RO","@id":"https:\/\/www.kraftanlagen.com\/ro\/#\/schema\/logo\/image\/","url":"https:\/\/www.kraftanlagen.com\/wp-content\/uploads\/2022\/06\/Kraftanlagen-logo-color.svg","contentUrl":"https:\/\/www.kraftanlagen.com\/wp-content\/uploads\/2022\/06\/Kraftanlagen-logo-color.svg","width":"1024","height":"1024","caption":"Kraftanlagen Energies & Services SE"},"image":{"@id":"https:\/\/www.kraftanlagen.com\/ro\/#\/schema\/logo\/image\/"},"sameAs":["https:\/\/www.linkedin.com\/company\/kraftanlagengruppe","https:\/\/www.xing.com\/pages\/kraftanlagen-energies-services","https:\/\/www.youtube.com\/user\/KAMMXK"]}]}},"acf":[],"_links":{"self":[{"href":"https:\/\/www.kraftanlagen.com\/ro\/wp-json\/wp\/v2\/pages\/9524","targetHints":{"allow":["GET"]}}],"collection":[{"href":"https:\/\/www.kraftanlagen.com\/ro\/wp-json\/wp\/v2\/pages"}],"about":[{"href":"https:\/\/www.kraftanlagen.com\/ro\/wp-json\/wp\/v2\/types\/page"}],"author":[{"embeddable":true,"href":"https:\/\/www.kraftanlagen.com\/ro\/wp-json\/wp\/v2\/users\/17"}],"replies":[{"embeddable":true,"href":"https:\/\/www.kraftanlagen.com\/ro\/wp-json\/wp\/v2\/comments?post=9524"}],"version-history":[{"count":10,"href":"https:\/\/www.kraftanlagen.com\/ro\/wp-json\/wp\/v2\/pages\/9524\/revisions"}],"predecessor-version":[{"id":49104,"href":"https:\/\/www.kraftanlagen.com\/ro\/wp-json\/wp\/v2\/pages\/9524\/revisions\/49104"}],"up":[{"embeddable":true,"href":"https:\/\/www.kraftanlagen.com\/ro\/wp-json\/wp\/v2\/pages\/9015"}],"wp:featuredmedia":[{"embeddable":true,"href":"https:\/\/www.kraftanlagen.com\/ro\/wp-json\/wp\/v2\/media\/14340"}],"wp:attachment":[{"href":"https:\/\/www.kraftanlagen.com\/ro\/wp-json\/wp\/v2\/media?parent=9524"}],"curies":[{"name":"wp","href":"https:\/\/api.w.org\/{rel}","templated":true}]}}